{"id":2689,"date":"2024-12-10T16:54:54","date_gmt":"2024-12-10T16:54:54","guid":{"rendered":"https:\/\/cine-rec.com\/?page_id=2689"},"modified":"2025-01-08T10:54:45","modified_gmt":"2025-01-08T10:54:45","slug":"imprint","status":"publish","type":"page","link":"https:\/\/cine-rec.com\/en\/impressum\/","title":{"rendered":"Imprint"},"content":{"rendered":"<div data-elementor-type=\"wp-page\" data-elementor-id=\"2689\" class=\"elementor elementor-2689\" data-elementor-post-type=\"page\">\n\t\t\t\t<div class=\"elementor-element elementor-element-f25bb7e e-flex e-con-boxed e-con e-parent\" data-id=\"f25bb7e\" data-element_type=\"container\" data-e-type=\"container\">\n\t\t\t\t\t<div class=\"e-con-inner\">\n\t\t\t\t<div class=\"elementor-element elementor-element-979653d elementor-widget elementor-widget-spacer\" data-id=\"979653d\" data-element_type=\"widget\" data-e-type=\"widget\" data-widget_type=\"spacer.default\">\n\t\t\t\t<div class=\"elementor-widget-container\">\n\t\t\t\t\t\t\t<div class=\"elementor-spacer\">\n\t\t\t<div class=\"elementor-spacer-inner\"><\/div>\n\t\t<\/div>\n\t\t\t\t\t\t<\/div>\n\t\t\t\t<\/div>\n\t\t\t\t<div class=\"elementor-element elementor-element-7b21c6d elementor-widget elementor-widget-heading\" data-id=\"7b21c6d\" data-element_type=\"widget\" data-e-type=\"widget\" data-widget_type=\"heading.default\">\n\t\t\t\t<div class=\"elementor-widget-container\">\n\t\t\t\t\t<h2 class=\"elementor-heading-title elementor-size-default\">Imprint<\/h2>\t\t\t\t<\/div>\n\t\t\t\t<\/div>\n\t\t\t\t<div class=\"elementor-element elementor-element-a5b458d elementor-widget elementor-widget-text-editor\" data-id=\"a5b458d\" data-element_type=\"widget\" data-e-type=\"widget\" data-widget_type=\"text-editor.default\">\n\t\t\t\t<div class=\"elementor-widget-container\">\n\t\t\t\t\t\t\t\t\t<pre>Responsible authority<br \/>CineRec GmbH<br \/>Hohenb\u00fchlstrasse 2<br \/>8152 Opfikon<\/pre><p><strong>Authorized representative<\/strong><br \/>Senol Tastan<\/p><p><b>Web &amp; Marketing Agency:<\/b><\/p><p>Agent AGENTUR GmbH<br \/>Z\u00fcrcherstrasse 51<br \/>8953 Dietikon<br \/>Switzerland<\/p><p>Tel: +41 78 645 11 45<br \/>E-Mail:\u00a0<a href=\"mailto:info@agent-agentur.ch\">info@agent-agentur.ch<\/a><br \/>Website:<a href=\"http:\/\/www.agent-agentur.ch\/\" target=\"_blank\" rel=\"nofollow noopener\">\u00a0agent-agency.ch<\/a><\/p><p>Represented by:<br \/>Managing Director: David Bachetti<\/p><h1><strong>Disclaimer<\/strong><br \/>The author assumes no liability for the correctness, accuracy, up-to-dateness, reliability and completeness of the information.<br \/>Liability claims against the author for damages of a material or immaterial nature arising from access to or use or non-use of the published information, through misuse of the connection or through technical faults are excluded.<\/h1><p>All offers are subject to change. The author expressly reserves the right to change, supplement or delete parts of the pages or the entire offer without prior notice or to cease publication temporarily or permanently.<\/p><p>Disclaimer for content and links<br \/>References and links to third-party websites are outside our area of responsibility. Any responsibility for such websites is rejected. Access to and use of such websites is at the user's own risk.<\/p><p><strong>Copyright declaration<\/strong><br \/>The copyright and all other rights to content, images, photos or other files on this website belong exclusively to CineRec GmbH or the specifically named rights holders. The written consent of the copyright holder must be obtained in advance for the reproduction of any elements.<\/p>\t\t\t\t\t\t\t\t<\/div>\n\t\t\t\t<\/div>\n\t\t\t\t\t<\/div>\n\t\t\t\t<\/div>\n\t\t\t\t<\/div>","protected":false},"excerpt":{"rendered":"<p>Impressum Verantwortliche InstanzCineRec GmbHHohenb\u00fchlstrasse 28152 Opfikon Vertretungsberechtigte PersonSenol Tastan Web &amp; Marketing Agentur: Agent AGENTUR GmbHZ\u00fcrcherstrasse 518953 DietikonSchweiz Tel: +41 78 645 11 45E-Mail:\u00a0info@agent-agentur.chWebsite:\u00a0agent-agentur.ch Vertreten durch:Gesch\u00e4ftsf\u00fchrer: David Bachetti HaftungsausschlussDer Autor \u00fcbernimmt keine Gew\u00e4hr f\u00fcr die Richtigkeit, Genauigkeit, Aktualit\u00e4t, Zuverl\u00e4ssigkeit und Vollst\u00e4ndigkeit der Informationen.Haftungsanspr\u00fcche gegen den Autor wegen Sch\u00e4den materieller oder immaterieller Art, die aus dem [&hellip;]<\/p>\n","protected":false},"author":1,"featured_media":0,"parent":0,"menu_order":0,"comment_status":"closed","ping_status":"closed","template":"elementor_header_footer","meta":{"inline_featured_image":false,"footnotes":""},"class_list":["post-2689","page","type-page","status-publish","hentry"],"_links":{"self":[{"href":"https:\/\/cine-rec.com\/en\/wp-json\/wp\/v2\/pages\/2689","targetHints":{"allow":["GET"]}}],"collection":[{"href":"https:\/\/cine-rec.com\/en\/wp-json\/wp\/v2\/pages"}],"about":[{"href":"https:\/\/cine-rec.com\/en\/wp-json\/wp\/v2\/types\/page"}],"author":[{"embeddable":true,"href":"https:\/\/cine-rec.com\/en\/wp-json\/wp\/v2\/users\/1"}],"replies":[{"embeddable":true,"href":"https:\/\/cine-rec.com\/en\/wp-json\/wp\/v2\/comments?post=2689"}],"version-history":[{"count":6,"href":"https:\/\/cine-rec.com\/en\/wp-json\/wp\/v2\/pages\/2689\/revisions"}],"predecessor-version":[{"id":2950,"href":"https:\/\/cine-rec.com\/en\/wp-json\/wp\/v2\/pages\/2689\/revisions\/2950"}],"wp:attachment":[{"href":"https:\/\/cine-rec.com\/en\/wp-json\/wp\/v2\/media?parent=2689"}],"curies":[{"name":"wp","href":"https:\/\/api.w.org\/{rel}","templated":true}]}}